{"id":319,"date":"2023-01-04T13:52:55","date_gmt":"2023-01-04T13:52:55","guid":{"rendered":"https:\/\/futuredih.eu\/?page_id=319"},"modified":"2023-01-04T13:53:19","modified_gmt":"2023-01-04T13:53:19","slug":"registration","status":"publish","type":"page","link":"https:\/\/futuredih.eu\/en\/registration\/","title":{"rendered":"Registration"},"content":{"rendered":"<div class=\"wpforms-container wpforms-container-full\" id=\"wpforms-316\"><form id=\"wpforms-form-316\" class=\"wpforms-validate wpforms-form wpforms-ajax-form\" data-formid=\"316\" method=\"post\" enctype=\"multipart\/form-data\" action=\"\/en\/wp-json\/wp\/v2\/pages\/319\" data-token=\"4e8889006023920a5052a12fd870dbc0\"><noscript class=\"wpforms-error-noscript\">Please enable JavaScript in your browser to complete this form.<\/noscript><div class=\"wpforms-field-container\"><div id=\"wpforms-316-field_0-container\" class=\"wpforms-field wpforms-field-name\" data-field-id=\"0\"><label class=\"wpforms-field-label\" for=\"wpforms-316-field_0\">First name, Last name <span class=\"wpforms-required-label\">*<\/span><\/label><input type=\"text\" id=\"wpforms-316-field_0\" class=\"wpforms-field-medium wpforms-field-required\" name=\"wpforms[fields][0]\" required><\/div><div id=\"wpforms-316-field_7-container\" class=\"wpforms-field wpforms-field-text\" data-field-id=\"7\"><label class=\"wpforms-field-label\" for=\"wpforms-316-field_7\">Organisation <span class=\"wpforms-required-label\">*<\/span><\/label><input type=\"text\" id=\"wpforms-316-field_7\" class=\"wpforms-field-medium wpforms-field-required\" name=\"wpforms[fields][7]\" required><\/div><div id=\"wpforms-316-field_1-container\" class=\"wpforms-field wpforms-field-email\" data-field-id=\"1\"><label class=\"wpforms-field-label\" for=\"wpforms-316-field_1\">Email <span class=\"wpforms-required-label\">*<\/span><\/label><input type=\"email\" id=\"wpforms-316-field_1\" class=\"wpforms-field-medium wpforms-field-required\" name=\"wpforms[fields][1]\" required><\/div><div id=\"wpforms-316-field_8-container\" class=\"wpforms-field wpforms-field-text\" data-field-id=\"8\"><label class=\"wpforms-field-label\" for=\"wpforms-316-field_8\">Phone number <span class=\"wpforms-required-label\">*<\/span><\/label><input type=\"text\" id=\"wpforms-316-field_8\" class=\"wpforms-field-medium wpforms-field-required\" name=\"wpforms[fields][8]\" required><\/div><div id=\"wpforms-316-field_9-container\" class=\"wpforms-field wpforms-field-select wpforms-field-select-style-classic\" data-field-id=\"9\"><label class=\"wpforms-field-label\" for=\"wpforms-316-field_9\">Preferred service <span class=\"wpforms-required-label\">*<\/span><\/label><select id=\"wpforms-316-field_9\" class=\"wpforms-field-medium wpforms-field-required\" name=\"wpforms[fields][9]\" required=\"required\"><option value=\"A solution for the digitization of workplaces\"  selected='selected'>A solution for the digitization of workplaces<\/option><option value=\"Cyber security solution\" >Cyber security solution<\/option><option value=\"Smart sensors, controllers and actuators\" >Smart sensors, controllers and actuators<\/option><option value=\"Operational production management system\" >Operational production management system<\/option><option value=\"Information switching networks\" >Information switching networks<\/option><option value=\"Artificial intelligence solutions\" >Artificial intelligence solutions<\/option><option value=\"Cloud deployment\" >Cloud deployment<\/option><option value=\"Digital engineering solutions\" >Digital engineering solutions<\/option><option value=\"Intelligent maintenance and service\" >Intelligent maintenance and service<\/option><option value=\"Robotics technology\" >Robotics technology<\/option><option value=\"Automation and automation technologies for industry\" >Automation and automation technologies for industry<\/option><option value=\"3D printing\" >3D printing<\/option><option value=\"Internet of Things systems\" >Internet of Things systems<\/option><option value=\"Controllers and actuators for production facilities\" >Controllers and actuators for production facilities<\/option><option value=\"Cyber-physical systems\" >Cyber-physical systems<\/option><\/select><\/div><div id=\"wpforms-316-field_2-container\" class=\"wpforms-field wpforms-field-textarea\" data-field-id=\"2\"><label class=\"wpforms-field-label\" for=\"wpforms-316-field_2\">Describe your needs <span class=\"wpforms-required-label\">*<\/span><\/label><textarea id=\"wpforms-316-field_2\" class=\"wpforms-field-medium wpforms-field-required\" name=\"wpforms[fields][2]\" required><\/textarea><\/div><\/div><div class=\"wpforms-submit-container\"><input type=\"hidden\" name=\"wpforms[id]\" value=\"316\"><input type=\"hidden\" name=\"wpforms[author]\" value=\"1\"><button type=\"submit\" name=\"wpforms[submit]\" id=\"wpforms-submit-316\" class=\"wpforms-submit\" data-alt-text=\"Sending...\" data-submit-text=\"Register\" aria-live=\"assertive\" value=\"wpforms-submit\">Register<\/button><img src=\"https:\/\/futuredih.eu\/wp-content\/plugins\/wpforms-lite\/assets\/images\/submit-spin.svg\" class=\"wpforms-submit-spinner\" style=\"display: none;\" width=\"26\" height=\"26\" alt=\"Loading\"><\/div><\/form><\/div>  <!-- .wpforms-container -->","protected":false},"excerpt":{"rendered":"","protected":false},"author":1,"featured_media":0,"parent":0,"menu_order":0,"comment_status":"closed","ping_status":"closed","template":"","meta":[],"yoast_head":"<!-- This site is optimized with the Yoast SEO plugin v17.2.1 - https:\/\/yoast.com\/wordpress\/plugins\/seo\/ -->\n<title>Registration - Future Technologies<\/title>\n<meta name=\"robots\" content=\"index, follow, max-snippet:-1, max-image-preview:large, max-video-preview:-1\" \/>\n<link rel=\"canonical\" href=\"https:\/\/futuredih.eu\/en\/registration\/\" \/>\n<meta property=\"og:locale\" content=\"en_US\" \/>\n<meta property=\"og:type\" content=\"article\" \/>\n<meta property=\"og:title\" content=\"Registration - Future Technologies\" \/>\n<meta property=\"og:url\" content=\"https:\/\/futuredih.eu\/en\/registration\/\" \/>\n<meta property=\"og:site_name\" content=\"Future Technologies\" \/>\n<meta property=\"article:modified_time\" content=\"2023-01-04T13:53:19+00:00\" \/>\n<meta name=\"twitter:card\" content=\"summary_large_image\" \/>\n<script type=\"application\/ld+json\" class=\"yoast-schema-graph\">{\"@context\":\"https:\/\/schema.org\",\"@graph\":[{\"@type\":\"WebSite\",\"@id\":\"https:\/\/futuredih.eu\/#website\",\"url\":\"https:\/\/futuredih.eu\/\",\"name\":\"Future Technologies\",\"description\":\"Ateities technologij\\u0173 skaitmenini\\u0173 inovacij\\u0173 centras\",\"potentialAction\":[{\"@type\":\"SearchAction\",\"target\":{\"@type\":\"EntryPoint\",\"urlTemplate\":\"https:\/\/futuredih.eu\/?s={search_term_string}\"},\"query-input\":\"required name=search_term_string\"}],\"inLanguage\":\"en-US\"},{\"@type\":\"WebPage\",\"@id\":\"https:\/\/futuredih.eu\/en\/registration\/#webpage\",\"url\":\"https:\/\/futuredih.eu\/en\/registration\/\",\"name\":\"Registration - Future Technologies\",\"isPartOf\":{\"@id\":\"https:\/\/futuredih.eu\/#website\"},\"datePublished\":\"2023-01-04T13:52:55+00:00\",\"dateModified\":\"2023-01-04T13:53:19+00:00\",\"breadcrumb\":{\"@id\":\"https:\/\/futuredih.eu\/en\/registration\/#breadcrumb\"},\"inLanguage\":\"en-US\",\"potentialAction\":[{\"@type\":\"ReadAction\",\"target\":[\"https:\/\/futuredih.eu\/en\/registration\/\"]}]},{\"@type\":\"BreadcrumbList\",\"@id\":\"https:\/\/futuredih.eu\/en\/registration\/#breadcrumb\",\"itemListElement\":[{\"@type\":\"ListItem\",\"position\":1,\"name\":\"Home\",\"item\":\"https:\/\/futuredih.eu\/en\/\"},{\"@type\":\"ListItem\",\"position\":2,\"name\":\"Registration\"}]}]}<\/script>\n<!-- \/ Yoast SEO plugin. -->","yoast_head_json":{"title":"Registration - Future Technologies","robots":{"index":"index","follow":"follow","max-snippet":"max-snippet:-1","max-image-preview":"max-image-preview:large","max-video-preview":"max-video-preview:-1"},"canonical":"https:\/\/futuredih.eu\/en\/registration\/","og_locale":"en_US","og_type":"article","og_title":"Registration - Future Technologies","og_url":"https:\/\/futuredih.eu\/en\/registration\/","og_site_name":"Future Technologies","article_modified_time":"2023-01-04T13:53:19+00:00","twitter_card":"summary_large_image","schema":{"@context":"https:\/\/schema.org","@graph":[{"@type":"WebSite","@id":"https:\/\/futuredih.eu\/#website","url":"https:\/\/futuredih.eu\/","name":"Future Technologies","description":"Ateities technologij\u0173 skaitmenini\u0173 inovacij\u0173 centras","potentialAction":[{"@type":"SearchAction","target":{"@type":"EntryPoint","urlTemplate":"https:\/\/futuredih.eu\/?s={search_term_string}"},"query-input":"required name=search_term_string"}],"inLanguage":"en-US"},{"@type":"WebPage","@id":"https:\/\/futuredih.eu\/en\/registration\/#webpage","url":"https:\/\/futuredih.eu\/en\/registration\/","name":"Registration - Future Technologies","isPartOf":{"@id":"https:\/\/futuredih.eu\/#website"},"datePublished":"2023-01-04T13:52:55+00:00","dateModified":"2023-01-04T13:53:19+00:00","breadcrumb":{"@id":"https:\/\/futuredih.eu\/en\/registration\/#breadcrumb"},"inLanguage":"en-US","potentialAction":[{"@type":"ReadAction","target":["https:\/\/futuredih.eu\/en\/registration\/"]}]},{"@type":"BreadcrumbList","@id":"https:\/\/futuredih.eu\/en\/registration\/#breadcrumb","itemListElement":[{"@type":"ListItem","position":1,"name":"Home","item":"https:\/\/futuredih.eu\/en\/"},{"@type":"ListItem","position":2,"name":"Registration"}]}]}},"_links":{"self":[{"href":"https:\/\/futuredih.eu\/en\/wp-json\/wp\/v2\/pages\/319"}],"collection":[{"href":"https:\/\/futuredih.eu\/en\/wp-json\/wp\/v2\/pages"}],"about":[{"href":"https:\/\/futuredih.eu\/en\/wp-json\/wp\/v2\/types\/page"}],"author":[{"embeddable":true,"href":"https:\/\/futuredih.eu\/en\/wp-json\/wp\/v2\/users\/1"}],"replies":[{"embeddable":true,"href":"https:\/\/futuredih.eu\/en\/wp-json\/wp\/v2\/comments?post=319"}],"version-history":[{"count":1,"href":"https:\/\/futuredih.eu\/en\/wp-json\/wp\/v2\/pages\/319\/revisions"}],"predecessor-version":[{"id":320,"href":"https:\/\/futuredih.eu\/en\/wp-json\/wp\/v2\/pages\/319\/revisions\/320"}],"wp:attachment":[{"href":"https:\/\/futuredih.eu\/en\/wp-json\/wp\/v2\/media?parent=319"}],"curies":[{"name":"wp","href":"https:\/\/api.w.org\/{rel}","templated":true}]}}