{"id":258,"date":"2021-10-14T17:24:07","date_gmt":"2021-10-14T17:24:07","guid":{"rendered":"https:\/\/futuredih.eu\/?page_id=258"},"modified":"2022-02-13T10:13:19","modified_gmt":"2022-02-13T10:13:19","slug":"events","status":"publish","type":"page","link":"https:\/\/futuredih.eu\/en\/events\/","title":{"rendered":"Events"},"content":{"rendered":"<p>[vc_row][vc_column column_width_percent=&#8221;100&#8243; gutter_size=&#8221;0&#8243; overlay_alpha=&#8221;50&#8243; shift_x=&#8221;0&#8243; shift_y=&#8221;0&#8243; shift_y_down=&#8221;0&#8243; z_index=&#8221;0&#8243; medium_width=&#8221;0&#8243; mobile_width=&#8221;0&#8243; width=&#8221;1\/2&#8243; uncode_shortcode_id=&#8221;202087&#8243;][vc_single_image media=&#8221;296&#8243; media_width_percent=&#8221;100&#8243; media_ratio=&#8221;two-one&#8221; uncode_shortcode_id=&#8221;481116&#8243;][vc_row_inner][vc_column_inner column_width_percent=&#8221;100&#8243; gutter_size=&#8221;3&#8243; back_color=&#8221;color-lxmt&#8221; overlay_alpha=&#8221;50&#8243; shift_x=&#8221;0&#8243; shift_y=&#8221;0&#8243; shift_y_down=&#8221;0&#8243; z_index=&#8221;0&#8243; medium_width=&#8221;0&#8243; mobile_width=&#8221;0&#8243; width=&#8221;1\/1&#8243; uncode_shortcode_id=&#8221;153737&#8243; back_color_type=&#8221;uncode-palette&#8221;][vc_custom_heading uncode_shortcode_id=&#8221;449825&#8243;]AgriFood&#8217;21 Challenge Lab[\/vc_custom_heading][vc_column_text uncode_shortcode_id=&#8221;929214&#8243;]The annual hackathon HACK AgriFood was transformed into the Challenge Labs initiated by the EIT FOOD. It is the leading food innovation initiative in the European Union aiming for a more sustainable, healthier and more reliable food system across the continent.[\/vc_column_text][vc_button button_color=&#8221;color-133480&#8243; border_width=&#8221;0&#8243; link=&#8221;url:https%3A%2F%2Fhackagrifood.lt%2Fen%2F|target:_blank&#8221; uncode_shortcode_id=&#8221;603892&#8243; button_color_type=&#8221;uncode-palette&#8221;]Read More[\/vc_button][\/vc_column_inner][\/vc_row_inner][\/vc_column][vc_column column_width_percent=&#8221;100&#8243; gutter_size=&#8221;0&#8243; overlay_alpha=&#8221;50&#8243; shift_x=&#8221;0&#8243; shift_y=&#8221;0&#8243; shift_y_down=&#8221;0&#8243; z_index=&#8221;0&#8243; medium_width=&#8221;0&#8243; mobile_width=&#8221;0&#8243; width=&#8221;1\/2&#8243; uncode_shortcode_id=&#8221;800418&#8243;][vc_single_image media=&#8221;300&#8243; media_width_percent=&#8221;100&#8243; media_ratio=&#8221;two-one&#8221; uncode_shortcode_id=&#8221;188215&#8243;][vc_row_inner][vc_column_inner column_width_percent=&#8221;100&#8243; gutter_size=&#8221;3&#8243; back_color=&#8221;color-lxmt&#8221; overlay_alpha=&#8221;50&#8243; shift_x=&#8221;0&#8243; shift_y=&#8221;0&#8243; shift_y_down=&#8221;0&#8243; z_index=&#8221;0&#8243; medium_width=&#8221;0&#8243; mobile_width=&#8221;0&#8243; width=&#8221;1\/1&#8243; uncode_shortcode_id=&#8221;153737&#8243; back_color_type=&#8221;uncode-palette&#8221;][vc_custom_heading uncode_shortcode_id=&#8221;196869&#8243;]Robotics4EU[\/vc_custom_heading][vc_column_text uncode_shortcode_id=&#8221;107576&#8243;]Is an international workshop for everyone from robotics innovators, developers or policy makers to end users and society as a whole. The workshop aim to increase the awareness of stakeholders about non-technological challenges in robotics, such as potential ethical, legal, data security, privacy or socioeconomic issues.[\/vc_column_text][vc_button button_color=&#8221;color-133480&#8243; border_width=&#8221;0&#8243; link=&#8221;url:https%3A%2F%2Fwww.digitalfarm.lt%2Fen%2Frobotics4eu%2F|target:_blank&#8221; uncode_shortcode_id=&#8221;192926&#8243; button_color_type=&#8221;uncode-palette&#8221;]Read More[\/vc_button][\/vc_column_inner][\/vc_row_inner][\/vc_column][\/vc_row][vc_row][vc_column column_width_percent=&#8221;100&#8243; gutter_size=&#8221;0&#8243; overlay_alpha=&#8221;50&#8243; shift_x=&#8221;0&#8243; shift_y=&#8221;0&#8243; shift_y_down=&#8221;0&#8243; z_index=&#8221;0&#8243; medium_width=&#8221;0&#8243; mobile_width=&#8221;0&#8243; width=&#8221;1\/2&#8243; uncode_shortcode_id=&#8221;202087&#8243;][vc_single_image media=&#8221;298&#8243; media_width_percent=&#8221;100&#8243; media_ratio=&#8221;two-one&#8221; uncode_shortcode_id=&#8221;180682&#8243;][vc_row_inner][vc_column_inner column_width_percent=&#8221;100&#8243; gutter_size=&#8221;3&#8243; back_color=&#8221;color-lxmt&#8221; overlay_alpha=&#8221;50&#8243; shift_x=&#8221;0&#8243; shift_y=&#8221;0&#8243; shift_y_down=&#8221;0&#8243; z_index=&#8221;0&#8243; medium_width=&#8221;0&#8243; mobile_width=&#8221;0&#8243; width=&#8221;1\/1&#8243; uncode_shortcode_id=&#8221;153737&#8243; back_color_type=&#8221;uncode-palette&#8221;][vc_custom_heading uncode_shortcode_id=&#8221;989411&#8243;]EIT FOOD Training Week[\/vc_custom_heading][vc_column_text uncode_shortcode_id=&#8221;199794&#8243;]It is a cycle of four webinars for anyone looking to broaden their knowledge of the agrifood sector and the sustainable food value chain. After the EIT FOOD Training Week, you will gain more knowledge about sustainable food value chains, their implementation, benefits, opportunities and challenges. All webinars will last for an hour and will be led by different professionals in their fields.[\/vc_column_text][vc_button button_color=&#8221;color-133480&#8243; border_width=&#8221;0&#8243; link=&#8221;url:https%3A%2F%2Fwww.digitalfarm.lt%2Fen%2Ftraining-week%2F|target:_blank&#8221; uncode_shortcode_id=&#8221;146448&#8243; button_color_type=&#8221;uncode-palette&#8221;]Read More[\/vc_button][\/vc_column_inner][\/vc_row_inner][\/vc_column][vc_column column_width_percent=&#8221;100&#8243; gutter_size=&#8221;0&#8243; overlay_alpha=&#8221;50&#8243; shift_x=&#8221;0&#8243; shift_y=&#8221;0&#8243; shift_y_down=&#8221;0&#8243; z_index=&#8221;0&#8243; medium_width=&#8221;0&#8243; mobile_width=&#8221;0&#8243; width=&#8221;1\/2&#8243; uncode_shortcode_id=&#8221;800418&#8243;][vc_single_image media=&#8221;291&#8243; media_width_percent=&#8221;100&#8243; media_ratio=&#8221;two-one&#8221; uncode_shortcode_id=&#8221;169412&#8243;][vc_row_inner][vc_column_inner column_width_percent=&#8221;100&#8243; gutter_size=&#8221;3&#8243; back_color=&#8221;color-lxmt&#8221; overlay_alpha=&#8221;50&#8243; shift_x=&#8221;0&#8243; shift_y=&#8221;0&#8243; shift_y_down=&#8221;0&#8243; z_index=&#8221;0&#8243; medium_width=&#8221;0&#8243; mobile_width=&#8221;0&#8243; width=&#8221;1\/1&#8243; uncode_shortcode_id=&#8221;153737&#8243; back_color_type=&#8221;uncode-palette&#8221;][vc_custom_heading uncode_shortcode_id=&#8221;137534&#8243;]HACK Digital Sea\u201821[\/vc_custom_heading][vc_column_text uncode_shortcode_id=&#8221;204453&#8243;]International online hackathon organized by the three Baltic States dedicated to the search for digital and innovative solutions that can promote the development of green ports, reduce pollution and the impact of shipping, preserve natural biodiversity, strengthen food value chains, promote the use of renewable energy sources, make more efficient use of logistics and create a socially friendly environment for all.[\/vc_column_text][vc_button button_color=&#8221;color-133480&#8243; border_width=&#8221;0&#8243; link=&#8221;url:https%3A%2F%2Fwww.hackdigitalsea.lt%2Fen.html|target:_blank&#8221; uncode_shortcode_id=&#8221;329282&#8243; button_color_type=&#8221;uncode-palette&#8221;]Read More[\/vc_button][\/vc_column_inner][\/vc_row_inner][\/vc_column][\/vc_row][vc_row][vc_column column_width_percent=&#8221;100&#8243; gutter_size=&#8221;0&#8243; overlay_alpha=&#8221;50&#8243; shift_x=&#8221;0&#8243; shift_y=&#8221;0&#8243; shift_y_down=&#8221;0&#8243; z_index=&#8221;0&#8243; medium_width=&#8221;0&#8243; mobile_width=&#8221;0&#8243; width=&#8221;1\/2&#8243; uncode_shortcode_id=&#8221;202087&#8243;][vc_single_image media=&#8221;283&#8243; media_width_percent=&#8221;100&#8243; media_ratio=&#8221;two-one&#8221; uncode_shortcode_id=&#8221;518731&#8243;][vc_row_inner][vc_column_inner column_width_percent=&#8221;100&#8243; gutter_size=&#8221;3&#8243; back_color=&#8221;color-lxmt&#8221; overlay_alpha=&#8221;50&#8243; shift_x=&#8221;0&#8243; shift_y=&#8221;0&#8243; shift_y_down=&#8221;0&#8243; z_index=&#8221;0&#8243; medium_width=&#8221;0&#8243; mobile_width=&#8221;0&#8243; width=&#8221;1\/1&#8243; uncode_shortcode_id=&#8221;153737&#8243; back_color_type=&#8221;uncode-palette&#8221;][vc_custom_heading uncode_shortcode_id=&#8221;401233&#8243;]AquaHubs workshop: current situation and future perspectives of the aquaculture sector[\/vc_custom_heading][vc_column_text uncode_shortcode_id=&#8221;944305&#8243;]This webinar will focus on the challenges that the aquaculture industry is currently facing and the potential solutions to them.\u00a0Also, current trends and the potential of using innovative technologies will be discussed.[\/vc_column_text][vc_button button_color=&#8221;color-133480&#8243; border_width=&#8221;0&#8243; link=&#8221;url:https%3A%2F%2Fwww.agrifood.lt%2Fevent%2Faquahubs-workshop-current-situation-and-future-perspectives-of-the-aquaculture-sector%2F|target:_blank&#8221; uncode_shortcode_id=&#8221;390473&#8243; button_color_type=&#8221;uncode-palette&#8221;]Read More[\/vc_button][\/vc_column_inner][\/vc_row_inner][\/vc_column][vc_column column_width_percent=&#8221;100&#8243; gutter_size=&#8221;0&#8243; overlay_alpha=&#8221;50&#8243; shift_x=&#8221;0&#8243; shift_y=&#8221;0&#8243; shift_y_down=&#8221;0&#8243; z_index=&#8221;0&#8243; medium_width=&#8221;0&#8243; mobile_width=&#8221;0&#8243; width=&#8221;1\/2&#8243; uncode_shortcode_id=&#8221;800418&#8243;][vc_single_image media=&#8221;285&#8243; media_width_percent=&#8221;100&#8243; media_ratio=&#8221;two-one&#8221; uncode_shortcode_id=&#8221;118874&#8243;][vc_row_inner][vc_column_inner column_width_percent=&#8221;100&#8243; gutter_size=&#8221;3&#8243; back_color=&#8221;color-lxmt&#8221; overlay_alpha=&#8221;50&#8243; shift_x=&#8221;0&#8243; shift_y=&#8221;0&#8243; shift_y_down=&#8221;0&#8243; z_index=&#8221;0&#8243; medium_width=&#8221;0&#8243; mobile_width=&#8221;0&#8243; width=&#8221;1\/1&#8243; uncode_shortcode_id=&#8221;153737&#8243; back_color_type=&#8221;uncode-palette&#8221;][vc_custom_heading uncode_shortcode_id=&#8221;642906&#8243;]AgriFood Forum 2021[\/vc_custom_heading][vc_column_text uncode_shortcode_id=&#8221;924319&#8243;]AgriFood Forum 2021 introduced innovative new activities, solutions, and strategies to accomplish the Green Deal goals, all of which are based on healthier, more sustainable, and more equitable food systems. The Forum educated the community about the importance of collaborating to improve how to produce, consume, and think about food.[\/vc_column_text][vc_button button_color=&#8221;color-133480&#8243; border_width=&#8221;0&#8243; link=&#8221;url:http%3A%2F%2Fwww.digitalfarm.lt%2Fen%2F|target:_blank&#8221; uncode_shortcode_id=&#8221;998499&#8243; button_color_type=&#8221;uncode-palette&#8221;]Read More[\/vc_button][\/vc_column_inner][\/vc_row_inner][\/vc_column][\/vc_row][vc_row][vc_column column_width_percent=&#8221;100&#8243; gutter_size=&#8221;0&#8243; overlay_alpha=&#8221;50&#8243; shift_x=&#8221;0&#8243; shift_y=&#8221;0&#8243; shift_y_down=&#8221;0&#8243; z_index=&#8221;0&#8243; medium_width=&#8221;0&#8243; mobile_width=&#8221;0&#8243; width=&#8221;1\/2&#8243; uncode_shortcode_id=&#8221;202087&#8243;][vc_single_image media=&#8221;261&#8243; media_width_percent=&#8221;100&#8243; media_ratio=&#8221;two-one&#8221; uncode_shortcode_id=&#8221;559615&#8243;][vc_row_inner][vc_column_inner column_width_percent=&#8221;100&#8243; gutter_size=&#8221;3&#8243; back_color=&#8221;color-lxmt&#8221; overlay_alpha=&#8221;50&#8243; shift_x=&#8221;0&#8243; shift_y=&#8221;0&#8243; shift_y_down=&#8221;0&#8243; z_index=&#8221;0&#8243; medium_width=&#8221;0&#8243; mobile_width=&#8221;0&#8243; width=&#8221;1\/1&#8243; uncode_shortcode_id=&#8221;153737&#8243; back_color_type=&#8221;uncode-palette&#8221;][vc_custom_heading uncode_shortcode_id=&#8221;177155&#8243;]Digital Sea Conference 2021[\/vc_custom_heading][vc_column_text uncode_shortcode_id=&#8221;288017&#8243;]For the first time in the history of Lithuania, an exceptional high-level conference on the challenges and digital opportunities at sea in the context of twin transition will be organized by the AgriFood Lithuania DIH. It will be the only event in Lithuania and one of a few events in Central and Northern Europe that has received the right to be a part of the European Commission European Maritime Day initiative.[\/vc_column_text][vc_button button_color=&#8221;color-133480&#8243; border_width=&#8221;0&#8243; link=&#8221;url:https%3A%2F%2Fwww.digitalsea.lt%2Fen.html|target:_blank&#8221; uncode_shortcode_id=&#8221;155905&#8243; button_color_type=&#8221;uncode-palette&#8221;]Read More[\/vc_button][\/vc_column_inner][\/vc_row_inner][\/vc_column][vc_column column_width_percent=&#8221;100&#8243; gutter_size=&#8221;0&#8243; overlay_alpha=&#8221;50&#8243; shift_x=&#8221;0&#8243; shift_y=&#8221;0&#8243; shift_y_down=&#8221;0&#8243; z_index=&#8221;0&#8243; medium_width=&#8221;0&#8243; mobile_width=&#8221;0&#8243; width=&#8221;1\/2&#8243; uncode_shortcode_id=&#8221;800418&#8243;][vc_single_image media=&#8221;267&#8243; media_width_percent=&#8221;100&#8243; media_ratio=&#8221;two-one&#8221; uncode_shortcode_id=&#8221;161384&#8243;][vc_row_inner][vc_column_inner column_width_percent=&#8221;100&#8243; gutter_size=&#8221;3&#8243; back_color=&#8221;color-lxmt&#8221; overlay_alpha=&#8221;50&#8243; shift_x=&#8221;0&#8243; shift_y=&#8221;0&#8243; shift_y_down=&#8221;0&#8243; z_index=&#8221;0&#8243; medium_width=&#8221;0&#8243; mobile_width=&#8221;0&#8243; width=&#8221;1\/1&#8243; uncode_shortcode_id=&#8221;153737&#8243; back_color_type=&#8221;uncode-palette&#8221;][vc_custom_heading uncode_shortcode_id=&#8221;138237&#8243;]Baltic Photonics 2021 MedLife[\/vc_custom_heading][vc_column_text uncode_shortcode_id=&#8221;135506&#8243;]\u201cBaltic Photonics 2021 MedLife\u201d is a virtual B2B (business to business) event, which focuses on medical life sciences with the aim to promote Baltic photonics and laser technologies, life science and medical research and innovations, to present them to the potential end-users and partners and to stimulate cross-sectoral cooperation in Northern Europe.[\/vc_column_text][vc_button button_color=&#8221;color-133480&#8243; border_width=&#8221;0&#8243; link=&#8221;url:https%3A%2F%2Ftoolas.eu%2Fbaltic-photonics-2021-medlife%2F|target:_blank&#8221; uncode_shortcode_id=&#8221;612506&#8243; button_color_type=&#8221;uncode-palette&#8221;]Read More[\/vc_button][\/vc_column_inner][\/vc_row_inner][\/vc_column][\/vc_row]<\/p>\n","protected":false},"excerpt":{"rendered":"<p>[vc_row][vc_column column_width_percent=&#8221;100&#8243; gutter_size=&#8221;0&#8243; overlay_alpha=&#8221;50&#8243; shift_x=&#8221;0&#8243; shift_y=&#8221;0&#8243; shift_y_down=&#8221;0&#8243; z_index=&#8221;0&#8243; medium_width=&#8221;0&#8243; mobile_width=&#8221;0&#8243; width=&#8221;1\/2&#8243; uncode_shortcode_id=&#8221;202087&#8243;][vc_single_image media=&#8221;296&#8243; media_width_percent=&#8221;100&#8243; media_ratio=&#8221;two-one&#8221; uncode_shortcode_id=&#8221;481116&#8243;][vc_row_inner][vc_column_inner column_width_percent=&#8221;100&#8243; gutter_size=&#8221;3&#8243; back_color=&#8221;color-lxmt&#8221; overlay_alpha=&#8221;50&#8243; [&hellip;]<\/p>\n","protected":false},"author":1,"featured_media":0,"parent":0,"menu_order":0,"comment_status":"closed","ping_status":"closed","template":"","meta":[],"yoast_head":"<!-- This site is optimized with the Yoast SEO plugin v17.2.1 - https:\/\/yoast.com\/wordpress\/plugins\/seo\/ -->\n<title>Events - Future Technologies<\/title>\n<meta name=\"robots\" content=\"index, follow, max-snippet:-1, max-image-preview:large, max-video-preview:-1\" \/>\n<link rel=\"canonical\" href=\"https:\/\/futuredih.eu\/en\/events\/\" \/>\n<meta property=\"og:locale\" content=\"en_US\" \/>\n<meta property=\"og:type\" content=\"article\" \/>\n<meta property=\"og:title\" content=\"Events - Future Technologies\" \/>\n<meta property=\"og:description\" content=\"[vc_row][vc_column column_width_percent=&#8221;100&#8243; gutter_size=&#8221;0&#8243; overlay_alpha=&#8221;50&#8243; shift_x=&#8221;0&#8243; shift_y=&#8221;0&#8243; shift_y_down=&#8221;0&#8243; z_index=&#8221;0&#8243; medium_width=&#8221;0&#8243; mobile_width=&#8221;0&#8243; width=&#8221;1\/2&#8243; uncode_shortcode_id=&#8221;202087&#8243;][vc_single_image media=&#8221;296&#8243; media_width_percent=&#8221;100&#8243; media_ratio=&#8221;two-one&#8221; uncode_shortcode_id=&#8221;481116&#8243;][vc_row_inner][vc_column_inner column_width_percent=&#8221;100&#8243; gutter_size=&#8221;3&#8243; back_color=&#8221;color-lxmt&#8221; overlay_alpha=&#8221;50&#8243; [&hellip;]\" \/>\n<meta property=\"og:url\" content=\"https:\/\/futuredih.eu\/en\/events\/\" \/>\n<meta property=\"og:site_name\" content=\"Future Technologies\" \/>\n<meta property=\"article:modified_time\" content=\"2022-02-13T10:13:19+00:00\" \/>\n<meta name=\"twitter:card\" content=\"summary_large_image\" \/>\n<meta name=\"twitter:label1\" content=\"Est. reading time\" \/>\n\t<meta name=\"twitter:data1\" content=\"4 minutes\" \/>\n<script type=\"application\/ld+json\" class=\"yoast-schema-graph\">{\"@context\":\"https:\/\/schema.org\",\"@graph\":[{\"@type\":\"WebSite\",\"@id\":\"https:\/\/futuredih.eu\/#website\",\"url\":\"https:\/\/futuredih.eu\/\",\"name\":\"Future Technologies\",\"description\":\"Ateities technologij\\u0173 skaitmenini\\u0173 inovacij\\u0173 centras\",\"potentialAction\":[{\"@type\":\"SearchAction\",\"target\":{\"@type\":\"EntryPoint\",\"urlTemplate\":\"https:\/\/futuredih.eu\/?s={search_term_string}\"},\"query-input\":\"required name=search_term_string\"}],\"inLanguage\":\"en-US\"},{\"@type\":\"WebPage\",\"@id\":\"https:\/\/futuredih.eu\/en\/events\/#webpage\",\"url\":\"https:\/\/futuredih.eu\/en\/events\/\",\"name\":\"Events - Future Technologies\",\"isPartOf\":{\"@id\":\"https:\/\/futuredih.eu\/#website\"},\"datePublished\":\"2021-10-14T17:24:07+00:00\",\"dateModified\":\"2022-02-13T10:13:19+00:00\",\"breadcrumb\":{\"@id\":\"https:\/\/futuredih.eu\/en\/events\/#breadcrumb\"},\"inLanguage\":\"en-US\",\"potentialAction\":[{\"@type\":\"ReadAction\",\"target\":[\"https:\/\/futuredih.eu\/en\/events\/\"]}]},{\"@type\":\"BreadcrumbList\",\"@id\":\"https:\/\/futuredih.eu\/en\/events\/#breadcrumb\",\"itemListElement\":[{\"@type\":\"ListItem\",\"position\":1,\"name\":\"Home\",\"item\":\"https:\/\/futuredih.eu\/en\/\"},{\"@type\":\"ListItem\",\"position\":2,\"name\":\"Events\"}]}]}<\/script>\n<!-- \/ Yoast SEO plugin. -->","yoast_head_json":{"title":"Events - Future Technologies","robots":{"index":"index","follow":"follow","max-snippet":"max-snippet:-1","max-image-preview":"max-image-preview:large","max-video-preview":"max-video-preview:-1"},"canonical":"https:\/\/futuredih.eu\/en\/events\/","og_locale":"en_US","og_type":"article","og_title":"Events - Future Technologies","og_description":"[vc_row][vc_column column_width_percent=&#8221;100&#8243; gutter_size=&#8221;0&#8243; overlay_alpha=&#8221;50&#8243; shift_x=&#8221;0&#8243; shift_y=&#8221;0&#8243; shift_y_down=&#8221;0&#8243; z_index=&#8221;0&#8243; medium_width=&#8221;0&#8243; mobile_width=&#8221;0&#8243; width=&#8221;1\/2&#8243; uncode_shortcode_id=&#8221;202087&#8243;][vc_single_image media=&#8221;296&#8243; media_width_percent=&#8221;100&#8243; media_ratio=&#8221;two-one&#8221; uncode_shortcode_id=&#8221;481116&#8243;][vc_row_inner][vc_column_inner column_width_percent=&#8221;100&#8243; gutter_size=&#8221;3&#8243; back_color=&#8221;color-lxmt&#8221; overlay_alpha=&#8221;50&#8243; [&hellip;]","og_url":"https:\/\/futuredih.eu\/en\/events\/","og_site_name":"Future Technologies","article_modified_time":"2022-02-13T10:13:19+00:00","twitter_card":"summary_large_image","twitter_misc":{"Est. reading time":"4 minutes"},"schema":{"@context":"https:\/\/schema.org","@graph":[{"@type":"WebSite","@id":"https:\/\/futuredih.eu\/#website","url":"https:\/\/futuredih.eu\/","name":"Future Technologies","description":"Ateities technologij\u0173 skaitmenini\u0173 inovacij\u0173 centras","potentialAction":[{"@type":"SearchAction","target":{"@type":"EntryPoint","urlTemplate":"https:\/\/futuredih.eu\/?s={search_term_string}"},"query-input":"required name=search_term_string"}],"inLanguage":"en-US"},{"@type":"WebPage","@id":"https:\/\/futuredih.eu\/en\/events\/#webpage","url":"https:\/\/futuredih.eu\/en\/events\/","name":"Events - Future Technologies","isPartOf":{"@id":"https:\/\/futuredih.eu\/#website"},"datePublished":"2021-10-14T17:24:07+00:00","dateModified":"2022-02-13T10:13:19+00:00","breadcrumb":{"@id":"https:\/\/futuredih.eu\/en\/events\/#breadcrumb"},"inLanguage":"en-US","potentialAction":[{"@type":"ReadAction","target":["https:\/\/futuredih.eu\/en\/events\/"]}]},{"@type":"BreadcrumbList","@id":"https:\/\/futuredih.eu\/en\/events\/#breadcrumb","itemListElement":[{"@type":"ListItem","position":1,"name":"Home","item":"https:\/\/futuredih.eu\/en\/"},{"@type":"ListItem","position":2,"name":"Events"}]}]}},"_links":{"self":[{"href":"https:\/\/futuredih.eu\/en\/wp-json\/wp\/v2\/pages\/258"}],"collection":[{"href":"https:\/\/futuredih.eu\/en\/wp-json\/wp\/v2\/pages"}],"about":[{"href":"https:\/\/futuredih.eu\/en\/wp-json\/wp\/v2\/types\/page"}],"author":[{"embeddable":true,"href":"https:\/\/futuredih.eu\/en\/wp-json\/wp\/v2\/users\/1"}],"replies":[{"embeddable":true,"href":"https:\/\/futuredih.eu\/en\/wp-json\/wp\/v2\/comments?post=258"}],"version-history":[{"count":11,"href":"https:\/\/futuredih.eu\/en\/wp-json\/wp\/v2\/pages\/258\/revisions"}],"predecessor-version":[{"id":302,"href":"https:\/\/futuredih.eu\/en\/wp-json\/wp\/v2\/pages\/258\/revisions\/302"}],"wp:attachment":[{"href":"https:\/\/futuredih.eu\/en\/wp-json\/wp\/v2\/media?parent=258"}],"curies":[{"name":"wp","href":"https:\/\/api.w.org\/{rel}","templated":true}]}}